{"id":1380,"date":"2020-08-10T09:25:02","date_gmt":"2020-08-10T09:25:02","guid":{"rendered":"https:\/\/dattech.com.vn\/khoa-hoc\/"},"modified":"2021-03-31T11:46:34","modified_gmt":"2021-03-31T04:46:34","slug":"khoa-hoc","status":"publish","type":"page","link":"https:\/\/dattech.com.vn\/en\/khoa-hoc\/","title":{"rendered":"Course"},"content":{"rendered":"\n<div class=\"wpcf7 no-js\" id=\"wpcf7-f1673-o1\" lang=\"vi-VN\" dir=\"ltr\" data-wpcf7-id=\"1673\">\n<div class=\"screen-reader-response\"><p role=\"status\" aria-live=\"polite\" aria-atomic=\"true\"><\/p> <ul><\/ul><\/div>\n<form action=\"\/en\/wp-json\/wp\/v2\/pages\/1380#wpcf7-f1673-o1\" method=\"post\" class=\"wpcf7-form init\" aria-label=\"Contact form\" novalidate=\"novalidate\" data-status=\"init\">\n<fieldset class=\"hidden-fields-container\"><input type=\"hidden\" name=\"_wpcf7\" value=\"1673\" \/><input type=\"hidden\" name=\"_wpcf7_version\" value=\"6.1.5\" \/><input type=\"hidden\" name=\"_wpcf7_locale\" value=\"vi_VN\" \/><input type=\"hidden\" name=\"_wpcf7_unit_tag\" value=\"wpcf7-f1673-o1\" \/><input type=\"hidden\" name=\"_wpcf7_container_post\" value=\"0\" \/><input type=\"hidden\" name=\"_wpcf7_posted_data_hash\" value=\"\" \/>\n<\/fieldset>\n<h3>Vui l\u00f2ng \u0111i\u1ec1n nhu c\u1ea7u \u0111\u00e0o t\u1ea1o c\u1ee7a b\u1ea1n t\u1ea1i \u0111\u00e2y:\n<\/h3>\n<div class=\"grid-50\">\n\t<p><label>\u0110\u1ecba \u0111i\u1ec3m \u0111\u00e0o t\u1ea1o<\/label><br \/>\n<span class=\"wpcf7-form-control-wrap\" data-name=\"menu-148\"><select class=\"wpcf7-form-control wpcf7-select wpcf7-validates-as-required\" aria-required=\"true\" aria-invalid=\"false\" name=\"menu-148\"><option value=\"Online\">Online<\/option><option value=\"T\u1ea1i DAT Group\">T\u1ea1i DAT Group<\/option><option value=\"T\u1ea1i nh\u00e0 m\u00e1y kh\u00e1ch h\u00e0ng\">T\u1ea1i nh\u00e0 m\u00e1y kh\u00e1ch h\u00e0ng<\/option><\/select><\/span>\n\t<\/p>\n<\/div>\n<div class=\"grid-50\">\n\t<p><label>T\u00ean kh\u00f3a h\u1ecdc<\/label><br \/>\n<span class=\"wpcf7-form-control-wrap\" data-name=\"menu-149\"><select class=\"wpcf7-form-control wpcf7-select wpcf7-validates-as-required\" aria-required=\"true\" aria-invalid=\"false\" name=\"menu-149\"><option value=\"Ch\u1ecdn kh\u00f3a h\u1ecdc\">Ch\u1ecdn kh\u00f3a h\u1ecdc<\/option><option value=\"V\u1eadn h\u00e0nh h\u1ec7 th\u1ed1ng\">V\u1eadn h\u00e0nh h\u1ec7 th\u1ed1ng<\/option><option value=\"B\u1ea3o tr\u00ec h\u1ec7 th\u1ed1ng\">B\u1ea3o tr\u00ec h\u1ec7 th\u1ed1ng<\/option><option value=\"C\u00e0i \u0111\u1eb7t c\u01a1 b\u1ea3n\">C\u00e0i \u0111\u1eb7t c\u01a1 b\u1ea3n<\/option><\/select><\/span>\n\t<\/p>\n<\/div>\n<div class=\"grid-50\">\n\t<p><label>H\u1ecd v\u00e0 t\u00ean<\/label><br \/>\n<span class=\"wpcf7-form-control-wrap\" data-name=\"text-690\"><input size=\"40\" maxlength=\"400\" class=\"wpcf7-form-control wpcf7-text wpcf7-validates-as-required\" aria-required=\"true\" aria-invalid=\"false\" value=\"\" type=\"text\" name=\"text-690\" \/><\/span>\n\t<\/p>\n<\/div>\n<div class=\"grid-50\">\n\t<p><label>T\u00ean c\u00f4ng ty<\/label><br \/>\n<span class=\"wpcf7-form-control-wrap\" data-name=\"text-691\"><input size=\"40\" maxlength=\"400\" class=\"wpcf7-form-control wpcf7-text\" aria-invalid=\"false\" value=\"\" type=\"text\" name=\"text-691\" \/><\/span>\n\t<\/p>\n<\/div>\n<div class=\"grid-50\">\n\t<p><label>Email<\/label><br \/>\n<span class=\"wpcf7-form-control-wrap\" data-name=\"email-619\"><input size=\"40\" maxlength=\"400\" class=\"wpcf7-form-control wpcf7-email wpcf7-validates-as-required wpcf7-text wpcf7-validates-as-email\" aria-required=\"true\" aria-invalid=\"false\" value=\"\" type=\"email\" name=\"email-619\" \/><\/span>\n\t<\/p>\n<\/div>\n<div class=\"grid-50\">\n\t<p><label>\u0110i\u1ec7n tho\u1ea1i<\/label><br \/>\n<span class=\"wpcf7-form-control-wrap\" data-name=\"tel-314\"><input size=\"40\" maxlength=\"400\" class=\"wpcf7-form-control wpcf7-tel wpcf7-validates-as-required wpcf7-text wpcf7-validates-as-tel\" aria-required=\"true\" aria-invalid=\"false\" value=\"\" type=\"tel\" name=\"tel-314\" \/><\/span>\n\t<\/p>\n<\/div>\n<div class=\"grid-100\">\n\t<p><label>Nhu c\u1ea7u \u0111\u00e0o t\u1ea1o c\u1ee7a b\u1ea1n:<\/label><br \/>\n<span class=\"wpcf7-form-control-wrap\" data-name=\"textarea-259\"><textarea cols=\"40\" rows=\"10\" maxlength=\"2000\" class=\"wpcf7-form-control wpcf7-textarea\" aria-invalid=\"false\" name=\"textarea-259\"><\/textarea><\/span>\n\t<\/p>\n<\/div>\n<div class=\"grid-100 text_center\">\n\t<p><input class=\"wpcf7-form-control wpcf7-submit has-spinner\" type=\"submit\" value=\"G\u1eedi y\u00eau c\u1ea7u\" \/>\n\t<\/p>\n<\/div><div class=\"wpcf7-response-output\" aria-hidden=\"true\"><\/div>\n<\/form>\n<\/div>\n\n","protected":false},"excerpt":{"rendered":"","protected":false},"author":1,"featured_media":0,"parent":0,"menu_order":6,"comment_status":"closed","ping_status":"closed","template":"templates\/course_page.php","meta":{"_acf_changed":false,"footnotes":""},"class_list":["post-1380","page","type-page","status-publish"],"acf":[],"_links":{"self":[{"href":"https:\/\/dattech.com.vn\/en\/wp-json\/wp\/v2\/pages\/1380","targetHints":{"allow":["GET"]}}],"collection":[{"href":"https:\/\/dattech.com.vn\/en\/wp-json\/wp\/v2\/pages"}],"about":[{"href":"https:\/\/dattech.com.vn\/en\/wp-json\/wp\/v2\/types\/page"}],"author":[{"embeddable":true,"href":"https:\/\/dattech.com.vn\/en\/wp-json\/wp\/v2\/users\/1"}],"replies":[{"embeddable":true,"href":"https:\/\/dattech.com.vn\/en\/wp-json\/wp\/v2\/comments?post=1380"}],"version-history":[{"count":0,"href":"https:\/\/dattech.com.vn\/en\/wp-json\/wp\/v2\/pages\/1380\/revisions"}],"wp:attachment":[{"href":"https:\/\/dattech.com.vn\/en\/wp-json\/wp\/v2\/media?parent=1380"}],"curies":[{"name":"wp","href":"https:\/\/api.w.org\/{rel}","templated":true}]}}